{"id":4244,"date":"2025-01-29T10:06:51","date_gmt":"2025-01-29T09:06:51","guid":{"rendered":"https:\/\/reallynicethings.es\/blog\/?page_id=4244"},"modified":"2025-01-30T08:11:27","modified_gmt":"2025-01-30T07:11:27","slug":"indice","status":"publish","type":"page","link":"https:\/\/reallynicethings.es\/blog\/","title":{"rendered":""},"content":{"rendered":"\n<div class=\"wp-block-columns is-layout-flex wp-container-core-columns-is-layout-9d6595d7 wp-block-columns-is-layout-flex\">\n<div class=\"wp-block-column is-layout-flow wp-block-column-is-layout-flow\">\n<div class=\"index-header\">\n<h1>REALLY<\/h1>\n<p>Hablemos de dise\u00f1o, tendencias y de c\u00f3mo convertir tu casa en un lugar donde siempre quieras estar.<br>\nConsejos, ideas y un poco de locura para decorar con estilo y sin reglas aburridas<\/p>\n<\/div>\n<\/div>\n<\/div>\n\n\n\n<div class=\"wp-block-query is-layout-flow wp-block-query-is-layout-flow\"><ul class=\"columns-3 wp-block-post-template is-layout-grid wp-container-core-post-template-is-layout-2f3213d7 wp-block-post-template-is-layout-grid\"><li class=\"wp-block-post post-4345 post type-post status-publish format-standard hentry category-sin-categoria\">\n\n<div class=\"wp-block-group index-post has-small-font-size\" style=\"padding-top:30px;padding-right:30px;padding-bottom:30px;padding-left:30px\"><div class=\"wp-block-group__inner-container is-layout-flow wp-block-group-is-layout-flow\">\n\n<h2 class=\"has-text-align-center title wp-block-post-title\"><a href=\"https:\/\/reallynicethings.es\/blog\/que-es-un-sofa-comprimido-ventajas-y-desventajas-de-esta-nueva-forma-de-sentarse-y-vivir\/\" target=\"_self\" >\u00bfQu\u00e9 es un sofa comprimido? Ventajas y desventajas de esta nueva forma de sentarse (y vivir)<\/a><\/h2>\n\n<div class=\"has-text-align-center fecha wp-block-post-date\"><time datetime=\"2025-07-17T09:33:06+02:00\">17\/07\/2025<\/time><\/div>\n\n<div class=\"has-text-align-center description wp-block-post-excerpt\"><p class=\"wp-block-post-excerpt__excerpt\">\u00bfUn sof\u00e1 que cabe en una caja? Parece ciencia ficci\u00f3n, pero no lo es. Los&nbsp;sof\u00e1s comprimidos&nbsp;est\u00e1n revolucionando la forma en que entendemos el mobiliario. Son c\u00f3modos, compactos, f\u00e1ciles de&hellip; <\/p><\/div><\/div><\/div>\n\n<\/li><li class=\"wp-block-post post-4220 post type-post status-publish format-standard has-post-thumbnail hentry category-sin-categoria\">\n\n<div class=\"wp-block-group index-post has-small-font-size\" style=\"padding-top:30px;padding-right:30px;padding-bottom:30px;padding-left:30px\"><div class=\"wp-block-group__inner-container is-layout-flow wp-block-group-is-layout-flow\"><figure class=\"imagen wp-block-post-featured-image\"><img loading=\"lazy\" decoding=\"async\" width=\"945\" height=\"680\" src=\"https:\/\/reallynicethings.es\/blog\/wp-content\/uploads\/2024\/12\/108280_4-1-945x680.jpg\" class=\"attachment-post-thumbnail size-post-thumbnail wp-post-image\" alt=\"\" style=\"object-fit:cover;\" \/><\/figure>\n\n<h2 class=\"has-text-align-center title wp-block-post-title\"><a href=\"https:\/\/reallynicethings.es\/blog\/descubre-nuevo-showroom-de-really-en-valencia-muebles-a-medida-para-profesionales-en-valencia\/\" target=\"_self\" >SHOWROOM<\/a><\/h2>\n\n<div class=\"has-text-align-center fecha wp-block-post-date\"><time datetime=\"2024-12-23T11:56:12+01:00\">23\/12\/2024<\/time><\/div>\n\n<div class=\"has-text-align-center description wp-block-post-excerpt\"><p class=\"wp-block-post-excerpt__excerpt\">En&nbsp;Really Nice Things, seguimos apostando por la autenticidad, la calidad y el dise\u00f1o que marcan la diferencia.&nbsp; Estamos encantados de anunciar la apertura de nuestro nuevo&nbsp;showroom en Valencia, un&hellip; <\/p><\/div><\/div><\/div>\n\n<\/li><li class=\"wp-block-post post-4194 post type-post status-publish format-standard has-post-thumbnail hentry category-sin-categoria\">\n\n<div class=\"wp-block-group index-post has-small-font-size\" style=\"padding-top:30px;padding-right:30px;padding-bottom:30px;padding-left:30px\"><div class=\"wp-block-group__inner-container is-layout-flow wp-block-group-is-layout-flow\"><figure class=\"imagen wp-block-post-featured-image\"><img loading=\"lazy\" decoding=\"async\" width=\"945\" height=\"680\" src=\"https:\/\/reallynicethings.es\/blog\/wp-content\/uploads\/2024\/12\/3531571_7-945x680.jpg\" class=\"attachment-post-thumbnail size-post-thumbnail wp-post-image\" alt=\"\" style=\"object-fit:cover;\" \/><\/figure>\n\n<h2 class=\"has-text-align-center title wp-block-post-title\"><a href=\"https:\/\/reallynicethings.es\/blog\/muebles-montessori\/\" target=\"_self\" >MONTESSORI<\/a><\/h2>\n\n<div class=\"has-text-align-center fecha wp-block-post-date\"><time datetime=\"2024-12-02T12:35:51+01:00\">02\/12\/2024<\/time><\/div>\n\n<div class=\"has-text-align-center description wp-block-post-excerpt\"><p class=\"wp-block-post-excerpt__excerpt\">C\u00f3mo elegir los mejores muebles Montessori con Really Nice Things. En el mundo del dise\u00f1o infantil, los\u00a0muebles Montessori\u00a0destacan como una de las mejores opciones para fomentar la independencia y&hellip; <\/p><\/div><\/div><\/div>\n\n<\/li><li class=\"wp-block-post post-4175 post type-post status-publish format-standard has-post-thumbnail hentry category-sin-categoria\">\n\n<div class=\"wp-block-group index-post has-small-font-size\" style=\"padding-top:30px;padding-right:30px;padding-bottom:30px;padding-left:30px\"><div class=\"wp-block-group__inner-container is-layout-flow wp-block-group-is-layout-flow\"><figure class=\"imagen wp-block-post-featured-image\"><img loading=\"lazy\" decoding=\"async\" width=\"945\" height=\"680\" src=\"https:\/\/reallynicethings.es\/blog\/wp-content\/uploads\/2024\/11\/108083_6-bajs-2-945x680.jpg\" class=\"attachment-post-thumbnail size-post-thumbnail wp-post-image\" alt=\"\" style=\"object-fit:cover;\" \/><\/figure>\n\n<h2 class=\"has-text-align-center title wp-block-post-title\"><a href=\"https:\/\/reallynicethings.es\/blog\/los-cabeceros-tapizados-que-revolucionan-tu-dormitorio\/\" target=\"_self\" >TAPIZADOS<\/a><\/h2>\n\n<div class=\"has-text-align-center fecha wp-block-post-date\"><time datetime=\"2024-11-13T13:18:41+01:00\">13\/11\/2024<\/time><\/div>\n\n<div class=\"has-text-align-center description wp-block-post-excerpt\"><p class=\"wp-block-post-excerpt__excerpt\">Conoce la colecci\u00f3n m\u00e1s completa de cabeceros tapizados. El cabecero es protagonista en una estancia fundamental como el dormitorio. Ayuda a completar tu idea de decoraci\u00f3n y refuerzo la&hellip; <\/p><\/div><\/div><\/div>\n\n<\/li><li class=\"wp-block-post post-4138 post type-post status-publish format-standard has-post-thumbnail hentry category-sin-categoria\">\n\n<div class=\"wp-block-group index-post has-small-font-size\" style=\"padding-top:30px;padding-right:30px;padding-bottom:30px;padding-left:30px\"><div class=\"wp-block-group__inner-container is-layout-flow wp-block-group-is-layout-flow\"><figure class=\"imagen wp-block-post-featured-image\"><img loading=\"lazy\" decoding=\"async\" width=\"945\" height=\"680\" src=\"https:\/\/reallynicethings.es\/blog\/wp-content\/uploads\/2024\/10\/108239_11-945x680.jpg\" class=\"attachment-post-thumbnail size-post-thumbnail wp-post-image\" alt=\"\" style=\"object-fit:cover;\" \/><\/figure>\n\n<h2 class=\"has-text-align-center title wp-block-post-title\"><a href=\"https:\/\/reallynicethings.es\/blog\/todo-al-rojo-%f0%9f%94%b4mobiliario-diferente\/\" target=\"_self\" >ROJO<\/a><\/h2>\n\n<div class=\"has-text-align-center fecha wp-block-post-date\"><time datetime=\"2024-10-04T09:40:59+02:00\">04\/10\/2024<\/time><\/div>\n\n<div class=\"has-text-align-center description wp-block-post-excerpt\"><p class=\"wp-block-post-excerpt__excerpt\">\u00bfConoces la teor\u00eda del rojo inesperado? Esta tendencia apuesta por a\u00f1adir un objeto de color rojo para elevar inmediatamente el nivel de cualquier estancia. \u00bfPor qu\u00e9 el rojo? Porque&hellip; <\/p><\/div><\/div><\/div>\n\n<\/li><li class=\"wp-block-post post-3939 post type-post status-publish format-standard has-post-thumbnail hentry category-decoracion-2 category-inspiracion category-muebles-diseno category-novedades tag-artesanal tag-artisan tag-boho tag-decor tag-decoracion tag-decoration tag-handmade tag-inspiracion tag-inspiration tag-interior-design tag-novedades tag-rattan tag-really-nice-things\">\n\n<div class=\"wp-block-group index-post has-small-font-size\" style=\"padding-top:30px;padding-right:30px;padding-bottom:30px;padding-left:30px\"><div class=\"wp-block-group__inner-container is-layout-flow wp-block-group-is-layout-flow\"><figure class=\"imagen wp-block-post-featured-image\"><img loading=\"lazy\" decoding=\"async\" width=\"945\" height=\"680\" src=\"https:\/\/reallynicethings.es\/blog\/wp-content\/uploads\/2024\/12\/Paco_ceramica_2-945x680.jpg\" class=\"attachment-post-thumbnail size-post-thumbnail wp-post-image\" alt=\"\" style=\"object-fit:cover;\" \/><\/figure>\n\n<h2 class=\"has-text-align-center title wp-block-post-title\"><a href=\"https:\/\/reallynicethings.es\/blog\/artisans-de-luxe-naturaleza-delicada-y-exquisita-convertida-en-decoracion\/\" target=\"_self\" >ARTISANS<\/a><\/h2>\n\n<div class=\"has-text-align-center fecha wp-block-post-date\"><time datetime=\"2019-04-11T08:53:39+02:00\">11\/04\/2019<\/time><\/div>\n\n<div class=\"has-text-align-center description wp-block-post-excerpt\"><p class=\"wp-block-post-excerpt__excerpt\">La decoraci\u00f3n tiene un superpoder -bueno, muchos, pero hoy vamos a hablar de uno-: hacer que los muebles dejen de ser piezas materiales para convertirse en los creadores de&hellip; <\/p><\/div><\/div><\/div>\n\n<\/li><\/ul>\n\n\n<div style=\"height:100px\" aria-hidden=\"true\" class=\"wp-block-spacer\"><\/div>\n\n\n<nav class=\"aligncenter wp-block-query-pagination is-content-justification-space-between is-layout-flex wp-container-core-query-pagination-is-layout-b9b75ed2 wp-block-query-pagination-is-layout-flex\" aria-label=\"Paginaci\u00f3n\">\n\n\n<div class=\"wp-block-query-pagination-numbers\"><span aria-current=\"page\" class=\"page-numbers current\">1<\/span>\n<a class=\"page-numbers\" href=\"?query-17-page=2\">2<\/a>\n<a class=\"page-numbers\" href=\"?query-17-page=3\">3<\/a>\n<span class=\"page-numbers dots\">&hellip;<\/span>\n<a class=\"page-numbers\" href=\"?query-17-page=42\">42<\/a><\/div>\n\n<a href=\"\/blog\/wp-json\/wp\/v2\/pages\/4244?query-17-page=2\" class=\"wp-block-query-pagination-next\">P\u00e1gina siguiente<\/a>\n<\/nav><\/div>\n\n\n\n<p><\/p>\n","protected":false},"excerpt":{"rendered":"<p>REALLY Hablemos de dise\u00f1o, tendencias y de c\u00f3mo convertir tu casa en un lugar donde siempre quieras estar. Consejos, ideas y un poco de locura para decorar con estilo y sin reglas aburridas<\/p>\n","protected":false},"author":1,"featured_media":0,"parent":0,"menu_order":0,"comment_status":"closed","ping_status":"closed","template":"template-fullwidth.php","meta":{"footnotes":"","_links_to":"","_links_to_target":""},"class_list":["post-4244","page","type-page","status-publish","hentry"],"aioseo_notices":[],"_links":{"self":[{"href":"https:\/\/reallynicethings.es\/blog\/wp-json\/wp\/v2\/pages\/4244","targetHints":{"allow":["GET"]}}],"collection":[{"href":"https:\/\/reallynicethings.es\/blog\/wp-json\/wp\/v2\/pages"}],"about":[{"href":"https:\/\/reallynicethings.es\/blog\/wp-json\/wp\/v2\/types\/page"}],"author":[{"embeddable":true,"href":"https:\/\/reallynicethings.es\/blog\/wp-json\/wp\/v2\/users\/1"}],"replies":[{"embeddable":true,"href":"https:\/\/reallynicethings.es\/blog\/wp-json\/wp\/v2\/comments?post=4244"}],"version-history":[{"count":44,"href":"https:\/\/reallynicethings.es\/blog\/wp-json\/wp\/v2\/pages\/4244\/revisions"}],"predecessor-version":[{"id":4336,"href":"https:\/\/reallynicethings.es\/blog\/wp-json\/wp\/v2\/pages\/4244\/revisions\/4336"}],"wp:attachment":[{"href":"https:\/\/reallynicethings.es\/blog\/wp-json\/wp\/v2\/media?parent=4244"}],"curies":[{"name":"wp","href":"https:\/\/api.w.org\/{rel}","templated":true}]}}